{"id":1435,"date":"2023-04-13T14:23:07","date_gmt":"2023-04-13T12:23:07","guid":{"rendered":"https:\/\/www.le-petit-train-touristique.com\/produit\/visite-de-grenoble\/"},"modified":"2023-05-15T11:24:33","modified_gmt":"2023-05-15T09:24:33","slug":"visita-a-grenoble","status":"publish","type":"product","link":"https:\/\/www.le-petit-train-touristique.com\/es\/producto\/visita-a-grenoble\/","title":{"rendered":"Visita a Grenoble"},"content":{"rendered":"","protected":false},"excerpt":{"rendered":"<p>Le invitamos a subir a nuestro tren tur\u00edstico en la plaza Grenette, a los pies de la fuente Lavalette, entronizada desde hace m\u00e1s de 200 a\u00f1os. Venga a descubrir el rico patrimonio hist\u00f3rico de la ciudad de los pr\u00edncipes, capital del Delfinado. Podr\u00e1 explorar la ciudad m\u00e1s grande de los Alpes franceses, admirar sus muelles, contemplar el majestuoso circo monta\u00f1oso, descubrir sus plazas, sus monumentos y los personajes c\u00e9lebres que han marcado su historia.<\/p>\n","protected":false},"featured_media":298,"template":"","meta":[],"product_brand":[],"product_cat":[55],"product_tag":[],"class_list":{"0":"post-1435","1":"product","2":"type-product","3":"status-publish","4":"has-post-thumbnail","6":"product_cat-visita-de-grenoble-y-chambery-en-un-pequeno-tren","8":"first","9":"instock","10":"virtual","11":"sold-individually","12":"taxable","13":"purchasable","14":"product-type-booking"},"_links":{"self":[{"href":"https:\/\/www.le-petit-train-touristique.com\/es\/wp-json\/wp\/v2\/product\/1435","targetHints":{"allow":["GET"]}}],"collection":[{"href":"https:\/\/www.le-petit-train-touristique.com\/es\/wp-json\/wp\/v2\/product"}],"about":[{"href":"https:\/\/www.le-petit-train-touristique.com\/es\/wp-json\/wp\/v2\/types\/product"}],"wp:featuredmedia":[{"embeddable":true,"href":"https:\/\/www.le-petit-train-touristique.com\/es\/wp-json\/wp\/v2\/media\/298"}],"wp:attachment":[{"href":"https:\/\/www.le-petit-train-touristique.com\/es\/wp-json\/wp\/v2\/media?parent=1435"}],"wp:term":[{"taxonomy":"product_brand","embeddable":true,"href":"https:\/\/www.le-petit-train-touristique.com\/es\/wp-json\/wp\/v2\/product_brand?post=1435"},{"taxonomy":"product_cat","embeddable":true,"href":"https:\/\/www.le-petit-train-touristique.com\/es\/wp-json\/wp\/v2\/product_cat?post=1435"},{"taxonomy":"product_tag","embeddable":true,"href":"https:\/\/www.le-petit-train-touristique.com\/es\/wp-json\/wp\/v2\/product_tag?post=1435"}],"curies":[{"name":"wp","href":"https:\/\/api.w.org\/{rel}","templated":true}]}}