{"id":625,"date":"2023-04-11T12:42:44","date_gmt":"2023-04-11T10:42:44","guid":{"rendered":"https:\/\/www.le-petit-train-touristique.com\/politique-de-confidentialite-2\/"},"modified":"2023-05-11T17:24:22","modified_gmt":"2023-05-11T15:24:22","slug":"politica-de-privacidad","status":"publish","type":"page","link":"https:\/\/www.le-petit-train-touristique.com\/es\/politica-de-privacidad\/","title":{"rendered":"Pol\u00edtica de privacidad"},"content":{"rendered":"\t\t<div data-elementor-type=\"wp-page\" data-elementor-id=\"625\" class=\"elementor elementor-625 elementor-581\" data-elementor-post-type=\"page\">\n\t\t\t\t\t\t<section class=\"elementor-section elementor-top-section elementor-element elementor-element-1ea067e elementor-reverse-mobile elementor-section-boxed elementor-section-height-default elementor-section-height-default elementor-invisible\" data-id=\"1ea067e\" data-element_type=\"section\" data-e-type=\"section\" data-settings=\"{&quot;background_background&quot;:&quot;slideshow&quot;,&quot;animation&quot;:&quot;fadeIn&quot;,&quot;background_slideshow_gallery&quot;:[{&quot;id&quot;:148,&quot;url&quot;:&quot;https:\\\/\\\/www.le-petit-train-touristique.com\\\/wp-content\\\/uploads\\\/2023\\\/03\\\/petit-train-touristique-grenoble.webp&quot;},{&quot;id&quot;:174,&quot;url&quot;:&quot;https:\\\/\\\/www.le-petit-train-touristique.com\\\/wp-content\\\/uploads\\\/2023\\\/03\\\/vu-chambery-petit-train-touristique.webp&quot;}],&quot;background_slideshow_transition_duration&quot;:800,&quot;background_slideshow_ken_burns&quot;:&quot;yes&quot;,&quot;background_slideshow_loop&quot;:&quot;yes&quot;,&quot;background_slideshow_slide_duration&quot;:5000,&quot;background_slideshow_slide_transition&quot;:&quot;fade&quot;,&quot;background_slideshow_ken_burns_zoom_direction&quot;:&quot;in&quot;}\">\n\t\t\t\t\t\t\t<div class=\"elementor-background-overlay\"><\/div>\n\t\t\t\t\t\t\t<div class=\"elementor-container elementor-column-gap-default\">\n\t\t\t\t\t<div class=\"elementor-column elementor-col-100 elementor-top-column elementor-element elementor-element-ac5553d\" data-id=\"ac5553d\" data-element_type=\"column\" data-e-type=\"column\">\n\t\t\t<div class=\"elementor-widget-wrap elementor-element-populated\">\n\t\t\t\t\t\t<div class=\"elementor-element elementor-element-db5fced elementor-widget-mobile__width-inherit elementor-invisible elementor-widget elementor-widget-heading\" data-id=\"db5fced\" data-element_type=\"widget\" data-e-type=\"widget\" data-settings=\"{&quot;_animation&quot;:&quot;fadeInUp&quot;}\" data-widget_type=\"heading.default\">\n\t\t\t\t<div class=\"elementor-widget-container\">\n\t\t\t\t\t<h1 class=\"elementor-heading-title elementor-size-default\">POL\u00cdTICA DE PRIVACIDAD<\/h1>\t\t\t\t<\/div>\n\t\t\t\t<\/div>\n\t\t\t\t\t<\/div>\n\t\t<\/div>\n\t\t\t\t\t<\/div>\n\t\t<\/section>\n\t\t\t\t<section class=\"elementor-section elementor-top-section elementor-element elementor-element-cdc11d9 elementor-section-boxed elementor-section-height-default elementor-section-height-default\" data-id=\"cdc11d9\" data-element_type=\"section\" data-e-type=\"section\" data-settings=\"{&quot;background_background&quot;:&quot;classic&quot;}\">\n\t\t\t\t\t\t<div class=\"elementor-container elementor-column-gap-default\">\n\t\t\t\t\t<div class=\"elementor-column elementor-col-100 elementor-top-column elementor-element elementor-element-a138cb4\" data-id=\"a138cb4\" data-element_type=\"column\" data-e-type=\"column\">\n\t\t\t<div class=\"elementor-widget-wrap elementor-element-populated\">\n\t\t\t\t\t\t<div class=\"elementor-element elementor-element-9e04882 elementor-invisible elementor-widget elementor-widget-heading\" data-id=\"9e04882\" data-element_type=\"widget\" data-e-type=\"widget\" data-settings=\"{&quot;_animation&quot;:&quot;fadeInUp&quot;}\" data-widget_type=\"heading.default\">\n\t\t\t\t<div class=\"elementor-widget-container\">\n\t\t\t\t\t<h2 class=\"elementor-heading-title elementor-size-default\">1. PRESENTACI\u00d3N DEL SITIO<\/h2>\t\t\t\t<\/div>\n\t\t\t\t<\/div>\n\t\t\t\t<div class=\"elementor-element elementor-element-ffd41ea elementor-invisible elementor-widget elementor-widget-text-editor\" data-id=\"ffd41ea\" data-element_type=\"widget\" data-e-type=\"widget\" data-settings=\"{&quot;_animation&quot;:&quot;fadeInUp&quot;}\" data-widget_type=\"text-editor.default\">\n\t\t\t\t<div class=\"elementor-widget-container\">\n\t\t\t\t\t\t\t\t\t<p>De conformidad con el art\u00edculo 6 de la Ley N\u00ba 2004-575, de 21 de junio de 2004, sobre la confianza en la econom\u00eda digital, se informa a los usuarios del sitio web\u00a0<a href=\"https:\/\/www.le-petit-train-touristique.com\/\">www.le-petit-train-touristique.com<\/a>\u00a0de la identidad de las distintas partes que intervienen en su aplicaci\u00f3n y seguimiento:<\/p><p><b>Propietario<\/b>: Alpes tourismes loisirs \u2013 Empresa Individual 34091694900050 \u2013 5 rue Henri Dunant 38180 SEYSSINS, FRANCE<\/p><p><b>Creador<\/b>: Webiaprod<\/p><p><b>Responsable de la publicaci\u00f3n<\/b>: Alpes tourismes loisirs \u2013 lepetit.train@wanadoo.fr<\/p><p>El responsable de la publicaci\u00f3n es una persona f\u00edsica o jur\u00eddica.<\/p><p><b>Webmaster<\/b>: Alpes Tourismes Loisirs \u2013 lepetit.train@wanadoo.fr<\/p><p><b>Presenta<\/b>: OVH \u2013 2 rue Kellermann \u2013 59100 Roubaix<\/p>\t\t\t\t\t\t\t\t<\/div>\n\t\t\t\t<\/div>\n\t\t\t\t<div class=\"elementor-element elementor-element-e8d20b8 elementor-invisible elementor-widget elementor-widget-heading\" data-id=\"e8d20b8\" data-element_type=\"widget\" data-e-type=\"widget\" data-settings=\"{&quot;_animation&quot;:&quot;fadeInUp&quot;}\" data-widget_type=\"heading.default\">\n\t\t\t\t<div class=\"elementor-widget-container\">\n\t\t\t\t\t<h2 class=\"elementor-heading-title elementor-size-default\">2. ACOPIO DE INFORMACI\u00d3N<\/h2>\t\t\t\t<\/div>\n\t\t\t\t<\/div>\n\t\t\t\t<div class=\"elementor-element elementor-element-a310c1e elementor-invisible elementor-widget elementor-widget-text-editor\" data-id=\"a310c1e\" data-element_type=\"widget\" data-e-type=\"widget\" data-settings=\"{&quot;_animation&quot;:&quot;fadeInUp&quot;}\" data-widget_type=\"text-editor.default\">\n\t\t\t\t<div class=\"elementor-widget-container\">\n\t\t\t\t\t\t\t\t\t<p>Recopilamos informaci\u00f3n cuando usted se registra en nuestros formularios de contacto, asociaci\u00f3n, financiaci\u00f3n y reclutamiento. La informaci\u00f3n recopilada incluye su nombre, empresa, direcci\u00f3n de correo electr\u00f3nico y n\u00famero de tel\u00e9fono.<\/p><p>Adem\u00e1s, recibimos y registramos autom\u00e1ticamente informaci\u00f3n de su computadora y navegador, incluyendo su direcci\u00f3n IP, software y hardware, y la p\u00e1gina que usted solicita.<\/p><p>Conservamos sus datos durante un m\u00e1ximo de tres a\u00f1os. Si usted hace una solicitud para eliminar o modificar sus datos, entonces los antiguos ser\u00e1n eliminados.<\/p>\t\t\t\t\t\t\t\t<\/div>\n\t\t\t\t<\/div>\n\t\t\t\t<div class=\"elementor-element elementor-element-e54f1e9 elementor-invisible elementor-widget elementor-widget-heading\" data-id=\"e54f1e9\" data-element_type=\"widget\" data-e-type=\"widget\" data-settings=\"{&quot;_animation&quot;:&quot;fadeInUp&quot;}\" data-widget_type=\"heading.default\">\n\t\t\t\t<div class=\"elementor-widget-container\">\n\t\t\t\t\t<h2 class=\"elementor-heading-title elementor-size-default\">3. USO DE INFORMACI\u00d3N<\/h2>\t\t\t\t<\/div>\n\t\t\t\t<\/div>\n\t\t\t\t<div class=\"elementor-element elementor-element-481841a elementor-invisible elementor-widget elementor-widget-text-editor\" data-id=\"481841a\" data-element_type=\"widget\" data-e-type=\"widget\" data-settings=\"{&quot;_animation&quot;:&quot;fadeInUp&quot;}\" data-widget_type=\"text-editor.default\">\n\t\t\t\t<div class=\"elementor-widget-container\">\n\t\t\t\t\t\t\t\t\t<p>Toda la informaci\u00f3n que obtenemos de usted puede ser utilizada:<\/p><ul><li>Personalice su experiencia y satisfaga sus necesidades individuales<\/li><li>Mejorar nuestro sitio web<\/li><li>Mejorar el servicio al cliente y sus necesidades de soporte<\/li><li>Contactar con usted por correo electr\u00f3nico<\/li><li>Administraci\u00f3n de una encuesta<\/li><\/ul>\t\t\t\t\t\t\t\t<\/div>\n\t\t\t\t<\/div>\n\t\t\t\t<div class=\"elementor-element elementor-element-8aff56f elementor-invisible elementor-widget elementor-widget-heading\" data-id=\"8aff56f\" data-element_type=\"widget\" data-e-type=\"widget\" data-settings=\"{&quot;_animation&quot;:&quot;fadeInUp&quot;}\" data-widget_type=\"heading.default\">\n\t\t\t\t<div class=\"elementor-widget-container\">\n\t\t\t\t\t<h2 class=\"elementor-heading-title elementor-size-default\">4. CONFIDENCIALIDAD DEL COMERCIO EN L\u00cdNEA<\/h2>\t\t\t\t<\/div>\n\t\t\t\t<\/div>\n\t\t\t\t<div class=\"elementor-element elementor-element-e8fc27b elementor-invisible elementor-widget elementor-widget-text-editor\" data-id=\"e8fc27b\" data-element_type=\"widget\" data-e-type=\"widget\" data-settings=\"{&quot;_animation&quot;:&quot;fadeInUp&quot;}\" data-widget_type=\"text-editor.default\">\n\t\t\t\t<div class=\"elementor-widget-container\">\n\t\t\t\t\t\t\t\t\t<p>Somos los \u00fanicos propietarios de la informaci\u00f3n recopilada en este sitio. Su informaci\u00f3n personal no ser\u00e1 vendida, intercambiada, transferida o entregada a otra compa\u00f1\u00eda por ning\u00fan motivo, sin su consentimiento, excepto cuando sea necesario para responder a una solicitud.<\/p>\t\t\t\t\t\t\t\t<\/div>\n\t\t\t\t<\/div>\n\t\t\t\t<div class=\"elementor-element elementor-element-f4eb6ab elementor-invisible elementor-widget elementor-widget-heading\" data-id=\"f4eb6ab\" data-element_type=\"widget\" data-e-type=\"widget\" data-settings=\"{&quot;_animation&quot;:&quot;fadeInUp&quot;}\" data-widget_type=\"heading.default\">\n\t\t\t\t<div class=\"elementor-widget-container\">\n\t\t\t\t\t<h2 class=\"elementor-heading-title elementor-size-default\">5. DIVULGACI\u00d3N A TERCEROS<\/h2>\t\t\t\t<\/div>\n\t\t\t\t<\/div>\n\t\t\t\t<div class=\"elementor-element elementor-element-1d9905d elementor-invisible elementor-widget elementor-widget-text-editor\" data-id=\"1d9905d\" data-element_type=\"widget\" data-e-type=\"widget\" data-settings=\"{&quot;_animation&quot;:&quot;fadeInUp&quot;}\" data-widget_type=\"text-editor.default\">\n\t\t\t\t<div class=\"elementor-widget-container\">\n\t\t\t\t\t\t\t\t\t<p>No vendemos, comercializamos ni transferimos su informaci\u00f3n de identificaci\u00f3n personal a terceros. Esto no incluye a los terceros de confianza que nos ayudan a operar nuestro sitio web o a llevar a cabo nuestros negocios, siempre y cuando est\u00e9n de acuerdo en mantener la confidencialidad de esta informaci\u00f3n.<\/p><p>Creemos que es necesario compartir informaci\u00f3n para investigar, prevenir o tomar medidas con respecto a actividades ilegales, sospecha de fraude, situaciones que impliquen amenazas potenciales a la seguridad f\u00edsica de cualquier persona, violaciones de nuestros t\u00e9rminos de uso, o cuando lo requiera la ley.<\/p><p>La informaci\u00f3n no privada, sin embargo, puede ser proporcionada a otras partes para marketing, publicidad u otros usos.<\/p>\t\t\t\t\t\t\t\t<\/div>\n\t\t\t\t<\/div>\n\t\t\t\t<div class=\"elementor-element elementor-element-61489c5 elementor-invisible elementor-widget elementor-widget-heading\" data-id=\"61489c5\" data-element_type=\"widget\" data-e-type=\"widget\" data-settings=\"{&quot;_animation&quot;:&quot;fadeInUp&quot;}\" data-widget_type=\"heading.default\">\n\t\t\t\t<div class=\"elementor-widget-container\">\n\t\t\t\t\t<h2 class=\"elementor-heading-title elementor-size-default\">6. PROTECCI\u00d3N DE INFORMACI\u00d3N<\/h2>\t\t\t\t<\/div>\n\t\t\t\t<\/div>\n\t\t\t\t<div class=\"elementor-element elementor-element-bd80b5f elementor-invisible elementor-widget elementor-widget-text-editor\" data-id=\"bd80b5f\" data-element_type=\"widget\" data-e-type=\"widget\" data-settings=\"{&quot;_animation&quot;:&quot;fadeInUp&quot;}\" data-widget_type=\"text-editor.default\">\n\t\t\t\t<div class=\"elementor-widget-container\">\n\t\t\t\t\t\t\t\t\t<p>Implementamos una variedad de medidas de seguridad para proteger la seguridad de su informaci\u00f3n personal. Utilizamos encriptaci\u00f3n de \u00faltima generaci\u00f3n para proteger la informaci\u00f3n confidencial transmitida en l\u00ednea. Tambi\u00e9n protegemos su informaci\u00f3n fuera de l\u00ednea. S\u00f3lo los empleados que necesitan hacer un trabajo espec\u00edfico (por ejemplo, facturaci\u00f3n o servicio al cliente) tienen acceso a la informaci\u00f3n de identificaci\u00f3n personal. Las computadoras y los servidores utilizados para almacenar informaci\u00f3n de identificaci\u00f3n personal se almacenan en un entorno seguro.<\/p><p><b>\u00bfUtilizamos cookies?<\/b><br \/>S\u00ed, nuestras cookies mejoran el acceso a nuestro sitio e identifican a los visitantes regulares. Adem\u00e1s, nuestras cookies mejoran la experiencia del usuario mediante el seguimiento y la orientaci\u00f3n de sus intereses. Sin embargo, este uso de cookies no est\u00e1 vinculado de ninguna manera a la informaci\u00f3n personal identificable de nuestro sitio.<\/p>\t\t\t\t\t\t\t\t<\/div>\n\t\t\t\t<\/div>\n\t\t\t\t<div class=\"elementor-element elementor-element-c01f56d elementor-invisible elementor-widget elementor-widget-heading\" data-id=\"c01f56d\" data-element_type=\"widget\" data-e-type=\"widget\" data-settings=\"{&quot;_animation&quot;:&quot;fadeInUp&quot;}\" data-widget_type=\"heading.default\">\n\t\t\t\t<div class=\"elementor-widget-container\">\n\t\t\t\t\t<h2 class=\"elementor-heading-title elementor-size-default\">7. CANCELAR SUSCRIPCI\u00d3N<\/h2>\t\t\t\t<\/div>\n\t\t\t\t<\/div>\n\t\t\t\t<div class=\"elementor-element elementor-element-42b7cf1 elementor-invisible elementor-widget elementor-widget-text-editor\" data-id=\"42b7cf1\" data-element_type=\"widget\" data-e-type=\"widget\" data-settings=\"{&quot;_animation&quot;:&quot;fadeInUp&quot;}\" data-widget_type=\"text-editor.default\">\n\t\t\t\t<div class=\"elementor-widget-container\">\n\t\t\t\t\t\t\t\t\t<p>Utilizamos la direcci\u00f3n de correo electr\u00f3nico que nos proporciona para enviarle informaci\u00f3n y actualizaciones sobre su pedido, noticias ocasionales de la empresa, informaci\u00f3n sobre productos relacionados, etc. Si en cualquier momento desea darse de baja y no recibir m\u00e1s correos electr\u00f3nicos, se incluyen instrucciones detalladas para darse de baja en la parte inferior de cada correo electr\u00f3nico. Adem\u00e1s, puede solicitar la baja o modificaci\u00f3n de sus datos personales en: lepetit.train@wanadoo.fr.<\/p>\t\t\t\t\t\t\t\t<\/div>\n\t\t\t\t<\/div>\n\t\t\t\t<div class=\"elementor-element elementor-element-bfe631a elementor-invisible elementor-widget elementor-widget-heading\" data-id=\"bfe631a\" data-element_type=\"widget\" data-e-type=\"widget\" data-settings=\"{&quot;_animation&quot;:&quot;fadeInUp&quot;}\" data-widget_type=\"heading.default\">\n\t\t\t\t<div class=\"elementor-widget-container\">\n\t\t\t\t\t<h2 class=\"elementor-heading-title elementor-size-default\">8. CONSENTIMIENTO<\/h2>\t\t\t\t<\/div>\n\t\t\t\t<\/div>\n\t\t\t\t<div class=\"elementor-element elementor-element-82f6b59 elementor-invisible elementor-widget elementor-widget-text-editor\" data-id=\"82f6b59\" data-element_type=\"widget\" data-e-type=\"widget\" data-settings=\"{&quot;_animation&quot;:&quot;fadeInUp&quot;}\" data-widget_type=\"text-editor.default\">\n\t\t\t\t<div class=\"elementor-widget-container\">\n\t\t\t\t\t\t\t\t\t<p>Al utilizar nuestro sitio, usted acepta nuestra pol\u00edtica de privacidad.<\/p>\t\t\t\t\t\t\t\t<\/div>\n\t\t\t\t<\/div>\n\t\t\t\t\t<\/div>\n\t\t<\/div>\n\t\t\t\t\t<\/div>\n\t\t<\/section>\n\t\t\t\t<\/div>\n\t\t","protected":false},"excerpt":{"rendered":"<p>POL\u00cdTICA DE PRIVACIDAD 1. PRESENTACI\u00d3N DEL SITIO De conformidad con el art\u00edculo 6 de la Ley N\u00ba 2004-575, de 21 de junio de 2004, sobre la confianza en la econom\u00eda digital, se informa a los usuarios del sitio web&nbsp;www.le-petit-train-touristique.com&nbsp;de la identidad de las distintas partes que intervienen en su aplicaci\u00f3n y seguimiento: Propietario: Alpes tourismes &#8230; <a title=\"Pol\u00edtica de privacidad\" class=\"read-more\" href=\"https:\/\/www.le-petit-train-touristique.com\/es\/politica-de-privacidad\/\" aria-label=\"Leer m\u00e1s sobre Pol\u00edtica de privacidad\">Leer m\u00e1s<\/a><\/p>\n","protected":false},"author":1,"featured_media":0,"parent":0,"menu_order":0,"comment_status":"closed","ping_status":"closed","template":"","meta":{"footnotes":""},"class_list":["post-625","page","type-page","status-publish"],"_links":{"self":[{"href":"https:\/\/www.le-petit-train-touristique.com\/es\/wp-json\/wp\/v2\/pages\/625","targetHints":{"allow":["GET"]}}],"collection":[{"href":"https:\/\/www.le-petit-train-touristique.com\/es\/wp-json\/wp\/v2\/pages"}],"about":[{"href":"https:\/\/www.le-petit-train-touristique.com\/es\/wp-json\/wp\/v2\/types\/page"}],"author":[{"embeddable":true,"href":"https:\/\/www.le-petit-train-touristique.com\/es\/wp-json\/wp\/v2\/users\/1"}],"replies":[{"embeddable":true,"href":"https:\/\/www.le-petit-train-touristique.com\/es\/wp-json\/wp\/v2\/comments?post=625"}],"version-history":[{"count":0,"href":"https:\/\/www.le-petit-train-touristique.com\/es\/wp-json\/wp\/v2\/pages\/625\/revisions"}],"wp:attachment":[{"href":"https:\/\/www.le-petit-train-touristique.com\/es\/wp-json\/wp\/v2\/media?parent=625"}],"curies":[{"name":"wp","href":"https:\/\/api.w.org\/{rel}","templated":true}]}}