{"id":613,"date":"2023-04-11T12:43:09","date_gmt":"2023-04-11T10:43:09","guid":{"rendered":"https:\/\/www.le-petit-train-touristique.com\/mentions-legales\/"},"modified":"2023-05-11T17:24:01","modified_gmt":"2023-05-11T15:24:01","slug":"aviso-legal","status":"publish","type":"page","link":"https:\/\/www.le-petit-train-touristique.com\/es\/aviso-legal\/","title":{"rendered":"Aviso legal"},"content":{"rendered":"\t\t<div data-elementor-type=\"wp-page\" data-elementor-id=\"613\" class=\"elementor elementor-613 elementor-583\" data-elementor-post-type=\"page\">\n\t\t\t\t\t\t<section class=\"elementor-section elementor-top-section elementor-element elementor-element-ab12879 elementor-reverse-mobile elementor-section-boxed elementor-section-height-default elementor-section-height-default elementor-invisible\" data-id=\"ab12879\" data-element_type=\"section\" data-e-type=\"section\" data-settings=\"{&quot;background_background&quot;:&quot;slideshow&quot;,&quot;animation&quot;:&quot;fadeIn&quot;,&quot;background_slideshow_gallery&quot;:[{&quot;id&quot;:148,&quot;url&quot;:&quot;https:\\\/\\\/www.le-petit-train-touristique.com\\\/wp-content\\\/uploads\\\/2023\\\/03\\\/petit-train-touristique-grenoble.webp&quot;},{&quot;id&quot;:174,&quot;url&quot;:&quot;https:\\\/\\\/www.le-petit-train-touristique.com\\\/wp-content\\\/uploads\\\/2023\\\/03\\\/vu-chambery-petit-train-touristique.webp&quot;}],&quot;background_slideshow_transition_duration&quot;:800,&quot;background_slideshow_ken_burns&quot;:&quot;yes&quot;,&quot;background_slideshow_loop&quot;:&quot;yes&quot;,&quot;background_slideshow_slide_duration&quot;:5000,&quot;background_slideshow_slide_transition&quot;:&quot;fade&quot;,&quot;background_slideshow_ken_burns_zoom_direction&quot;:&quot;in&quot;}\">\n\t\t\t\t\t\t\t<div class=\"elementor-background-overlay\"><\/div>\n\t\t\t\t\t\t\t<div class=\"elementor-container elementor-column-gap-default\">\n\t\t\t\t\t<div class=\"elementor-column elementor-col-100 elementor-top-column elementor-element elementor-element-40c1553\" data-id=\"40c1553\" data-element_type=\"column\" data-e-type=\"column\">\n\t\t\t<div class=\"elementor-widget-wrap elementor-element-populated\">\n\t\t\t\t\t\t<div class=\"elementor-element elementor-element-361847b elementor-widget-mobile__width-inherit elementor-invisible elementor-widget elementor-widget-heading\" data-id=\"361847b\" data-element_type=\"widget\" data-e-type=\"widget\" data-settings=\"{&quot;_animation&quot;:&quot;fadeInUp&quot;}\" data-widget_type=\"heading.default\">\n\t\t\t\t<div class=\"elementor-widget-container\">\n\t\t\t\t\t<h1 class=\"elementor-heading-title elementor-size-default\">Aviso legal<\/h1>\t\t\t\t<\/div>\n\t\t\t\t<\/div>\n\t\t\t\t\t<\/div>\n\t\t<\/div>\n\t\t\t\t\t<\/div>\n\t\t<\/section>\n\t\t\t\t<section class=\"elementor-section elementor-top-section elementor-element elementor-element-f88172b elementor-section-boxed elementor-section-height-default elementor-section-height-default\" data-id=\"f88172b\" data-element_type=\"section\" data-e-type=\"section\" data-settings=\"{&quot;background_background&quot;:&quot;classic&quot;}\">\n\t\t\t\t\t\t<div class=\"elementor-container elementor-column-gap-default\">\n\t\t\t\t\t<div class=\"elementor-column elementor-col-100 elementor-top-column elementor-element elementor-element-3b053ce\" data-id=\"3b053ce\" data-element_type=\"column\" data-e-type=\"column\">\n\t\t\t<div class=\"elementor-widget-wrap elementor-element-populated\">\n\t\t\t\t\t\t<div class=\"elementor-element elementor-element-6f450b5 elementor-invisible elementor-widget elementor-widget-heading\" data-id=\"6f450b5\" data-element_type=\"widget\" data-e-type=\"widget\" data-settings=\"{&quot;_animation&quot;:&quot;fadeInUp&quot;}\" data-widget_type=\"heading.default\">\n\t\t\t\t<div class=\"elementor-widget-container\">\n\t\t\t\t\t<h2 class=\"elementor-heading-title elementor-size-default\">1. Presentaci\u00f3n del sitio<\/h2>\t\t\t\t<\/div>\n\t\t\t\t<\/div>\n\t\t\t\t<div class=\"elementor-element elementor-element-d52c490 elementor-invisible elementor-widget elementor-widget-text-editor\" data-id=\"d52c490\" data-element_type=\"widget\" data-e-type=\"widget\" data-settings=\"{&quot;_animation&quot;:&quot;fadeInUp&quot;}\" data-widget_type=\"text-editor.default\">\n\t\t\t\t<div class=\"elementor-widget-container\">\n\t\t\t\t\t\t\t\t\t<p>De conformidad con el art\u00edculo 6 de la Ley N\u00ba 2004-575, de 21 de junio de 2004, sobre la confianza en la econom\u00eda digital, se informa a los usuarios del sitio web\u00a0<a href=\"https:\/\/www.le-petit-train-touristique.com\">www.le-petit-train-touristique.com<\/a>\u00a0de la identidad de las distintas partes que intervienen en su aplicaci\u00f3n y seguimiento:<\/p><p><b>Propietario<\/b>: Alpes tourismes loisirs \u2013 Empresa Individual 34091694900050 \u2013 5 rue Henri Dunant 38180 SEYSSINS, FRANCE<\/p><p><b>Creador<\/b>: Webiaprod<\/p><p><b>Responsable de la publicaci\u00f3n<\/b>: Alpes tourismes loisirs \u2013 lepetit.train@wanadoo.fr<\/p><p>El responsable de la publicaci\u00f3n es una persona f\u00edsica o jur\u00eddica.<\/p><p><b>Webmaster<\/b>: Alpes Tourismes Loisirs \u2013 lepetit.train@wanadoo.fr<\/p><p><b>Presenta<\/b>: OVH \u2013 2 rue Kellermann \u2013 59100 Roubaix<\/p>\t\t\t\t\t\t\t\t<\/div>\n\t\t\t\t<\/div>\n\t\t\t\t<div class=\"elementor-element elementor-element-f72b709 elementor-invisible elementor-widget elementor-widget-heading\" data-id=\"f72b709\" data-element_type=\"widget\" data-e-type=\"widget\" data-settings=\"{&quot;_animation&quot;:&quot;fadeInUp&quot;}\" data-widget_type=\"heading.default\">\n\t\t\t\t<div class=\"elementor-widget-container\">\n\t\t\t\t\t<h2 class=\"elementor-heading-title elementor-size-default\">2.Condiciones generales de uso del sitio y de los servicios ofrecidos<\/h2>\t\t\t\t<\/div>\n\t\t\t\t<\/div>\n\t\t\t\t<div class=\"elementor-element elementor-element-1f0f947 elementor-invisible elementor-widget elementor-widget-text-editor\" data-id=\"1f0f947\" data-element_type=\"widget\" data-e-type=\"widget\" data-settings=\"{&quot;_animation&quot;:&quot;fadeInUp&quot;}\" data-widget_type=\"text-editor.default\">\n\t\t\t\t<div class=\"elementor-widget-container\">\n\t\t\t\t\t\t\t\t\t<p>La utilizaci\u00f3n del sitio web <a href=\"https:\/\/www.le-petit-train-touristique.com\/\">www.le-petit-train-touristique.com<\/a> implica la aceptaci\u00f3n plena y sin reservas de las condiciones generales de uso que se describen a continuaci\u00f3n. Estas condiciones de uso pueden ser modificadas o completadas en cualquier momento, por lo que se invita a los usuarios de la p\u00e1gina web <a href=\"https:\/\/www.le-petit-train-touristique.com\/\">www.le-petit-train-touristique.com<\/a> a consultarlas peri\u00f3dicamente.<\/p><p>Este sitio es normalmente accesible a los usuarios en cualquier momento. No obstante, Alpes Tourismes Loisirs puede decidir interrumpir el servicio por razones de mantenimiento t\u00e9cnico, y Alpes Tourismes Loisirs se esforzar\u00e1 por informar a los usuarios con antelaci\u00f3n de las fechas y horas del servicio.<\/p><p>La p\u00e1gina web <a href=\"https:\/\/www.le-petit-train-touristique.com\/\">www.le-petit-train-touristique.com<\/a> es actualizada regularmente por Alpes Tourismes Loisirs. Del mismo modo, los avisos legales pueden ser modificados en cualquier momento: no obstante, son vinculantes para el usuario, al que se invita a consultarlos con la mayor frecuencia posible para tener conocimiento de los mismos.<\/p>\t\t\t\t\t\t\t\t<\/div>\n\t\t\t\t<\/div>\n\t\t\t\t<div class=\"elementor-element elementor-element-f8c90c2 elementor-invisible elementor-widget elementor-widget-heading\" data-id=\"f8c90c2\" data-element_type=\"widget\" data-e-type=\"widget\" data-settings=\"{&quot;_animation&quot;:&quot;fadeInUp&quot;}\" data-widget_type=\"heading.default\">\n\t\t\t\t<div class=\"elementor-widget-container\">\n\t\t\t\t\t<h2 class=\"elementor-heading-title elementor-size-default\">3.Descripci\u00f3n de los servicios prestados<\/h2>\t\t\t\t<\/div>\n\t\t\t\t<\/div>\n\t\t\t\t<div class=\"elementor-element elementor-element-334ecba elementor-invisible elementor-widget elementor-widget-text-editor\" data-id=\"334ecba\" data-element_type=\"widget\" data-e-type=\"widget\" data-settings=\"{&quot;_animation&quot;:&quot;fadeInUp&quot;}\" data-widget_type=\"text-editor.default\">\n\t\t\t\t<div class=\"elementor-widget-container\">\n\t\t\t\t\t\t\t\t\t<p>El objetivo de la p\u00e1gina web <a href=\"https:\/\/www.le-petit-train-touristique.com\/\">www.le-petit-train-touristique.com<\/a> es proporcionar informaci\u00f3n sobre todas las actividades de la empresa.<\/p><p>Alpes Tourismes Loisirs se esfuerza por proporcionar informaci\u00f3n lo m\u00e1s precisa posible en el sitio web <a href=\"https:\/\/www.le-petit-train-touristique.com\/\">www.le-petit-train-touristique.com<\/a>. Sin embargo, no se hace responsable de las omisiones, inexactitudes y deficiencias en la actualizaci\u00f3n, ya sean causadas por s\u00ed mismo o por terceros socios que le proporcionen esta informaci\u00f3n.<\/p><p>Toda la informaci\u00f3n proporcionada en el sitio web <a href=\"https:\/\/www.le-petit-train-touristique.com\/\">www.le-petit-train-touristique.com<\/a> se ofrece con fines informativos \u00fanicamente, y est\u00e1 sujeta a cambios. Adem\u00e1s, la informaci\u00f3n en <a href=\"https:\/\/www.le-petit-train-touristique.com\/\">www.le-petit-train-touristique.com<\/a> no es exhaustiva. Se dan sujetos a las modificaciones que se han hecho desde que se pusieron en l\u00ednea.<\/p>\t\t\t\t\t\t\t\t<\/div>\n\t\t\t\t<\/div>\n\t\t\t\t<div class=\"elementor-element elementor-element-d663163 elementor-invisible elementor-widget elementor-widget-heading\" data-id=\"d663163\" data-element_type=\"widget\" data-e-type=\"widget\" data-settings=\"{&quot;_animation&quot;:&quot;fadeInUp&quot;}\" data-widget_type=\"heading.default\">\n\t\t\t\t<div class=\"elementor-widget-container\">\n\t\t\t\t\t<h2 class=\"elementor-heading-title elementor-size-default\">4. Limitacions constractuales de los datos t\u00e9cnicos<\/h2>\t\t\t\t<\/div>\n\t\t\t\t<\/div>\n\t\t\t\t<div class=\"elementor-element elementor-element-055a15c elementor-invisible elementor-widget elementor-widget-text-editor\" data-id=\"055a15c\" data-element_type=\"widget\" data-e-type=\"widget\" data-settings=\"{&quot;_animation&quot;:&quot;fadeInUp&quot;}\" data-widget_type=\"text-editor.default\">\n\t\t\t\t<div class=\"elementor-widget-container\">\n\t\t\t\t\t\t\t\t\t<p>El sitio utiliza la tecnolog\u00eda WordPress.<\/p><p>El sitio web no se hace responsable de ning\u00fan da\u00f1o material relacionado con el uso del sitio web. Adem\u00e1s, el usuario del sitio se compromete a acceder al mismo utilizando equipos recientes, libres de virus y con un navegador de \u00faltima generaci\u00f3n.<\/p>\t\t\t\t\t\t\t\t<\/div>\n\t\t\t\t<\/div>\n\t\t\t\t<div class=\"elementor-element elementor-element-225cffe elementor-invisible elementor-widget elementor-widget-heading\" data-id=\"225cffe\" data-element_type=\"widget\" data-e-type=\"widget\" data-settings=\"{&quot;_animation&quot;:&quot;fadeInUp&quot;}\" data-widget_type=\"heading.default\">\n\t\t\t\t<div class=\"elementor-widget-container\">\n\t\t\t\t\t<h2 class=\"elementor-heading-title elementor-size-default\">5. Propiedad intelectual y falsificaci\u00f3n<\/h2>\t\t\t\t<\/div>\n\t\t\t\t<\/div>\n\t\t\t\t<div class=\"elementor-element elementor-element-8e80e35 elementor-invisible elementor-widget elementor-widget-text-editor\" data-id=\"8e80e35\" data-element_type=\"widget\" data-e-type=\"widget\" data-settings=\"{&quot;_animation&quot;:&quot;fadeInUp&quot;}\" data-widget_type=\"text-editor.default\">\n\t\t\t\t<div class=\"elementor-widget-container\">\n\t\t\t\t\t\t\t\t\t<p>Alpes Tourismes Loisirs es titular de los derechos de propiedad intelectual o de los derechos de usuario de todos los elementos accesibles en el sitio, en particular textos, im\u00e1genes, gr\u00e1ficos, logotipos, iconos, sonidos, software.<\/p><p>Queda prohibida la reproducci\u00f3n, representaci\u00f3n, modificaci\u00f3n, publicaci\u00f3n, adaptaci\u00f3n total o parcial de los elementos del sitio, cualquiera que sea el medio o el procedimiento utilizado, salvo autorizaci\u00f3n previa y por escrito de : Alpes Tourismes Loisirs.<\/p><p>Cualquier uso no autorizado del sitio o de cualquiera de los elementos que contiene se considerar\u00e1 una infracci\u00f3n y ser\u00e1 perseguido de conformidad con las disposiciones de los art\u00edculos L. 335-2 y siguientes del C\u00f3digo de la Propiedad Intelectual.<\/p>\t\t\t\t\t\t\t\t<\/div>\n\t\t\t\t<\/div>\n\t\t\t\t<div class=\"elementor-element elementor-element-d0e026f elementor-invisible elementor-widget elementor-widget-heading\" data-id=\"d0e026f\" data-element_type=\"widget\" data-e-type=\"widget\" data-settings=\"{&quot;_animation&quot;:&quot;fadeInUp&quot;}\" data-widget_type=\"heading.default\">\n\t\t\t\t<div class=\"elementor-widget-container\">\n\t\t\t\t\t<h2 class=\"elementor-heading-title elementor-size-default\">6. Limitaciones de responsabilidad<\/h2>\t\t\t\t<\/div>\n\t\t\t\t<\/div>\n\t\t\t\t<div class=\"elementor-element elementor-element-fe31734 elementor-invisible elementor-widget elementor-widget-text-editor\" data-id=\"fe31734\" data-element_type=\"widget\" data-e-type=\"widget\" data-settings=\"{&quot;_animation&quot;:&quot;fadeInUp&quot;}\" data-widget_type=\"text-editor.default\">\n\t\t\t\t<div class=\"elementor-widget-container\">\n\t\t\t\t\t\t\t\t\t<p>Alpes Tourismes Loisirs no se hace responsable de los da\u00f1os directos o indirectos que pueda sufrir el material del usuario al acceder al sitio web <a href=\"https:\/\/www.le-petit-train-touristique.com\/\">www.le-petit-train-touristique.com<\/a>, ya sea por el uso de material no conforme a las especificaciones indicadas en el punto 4, ya sea por la aparici\u00f3n de un error o de una incompatibilidad.<\/p><p>Alpes Tourismes Loisirs tampoco se hace responsable de los da\u00f1os indirectos (como la p\u00e9rdida de mercado o la p\u00e9rdida de oportunidades) derivados del uso del sitio web <a href=\"https:\/\/www.le-petit-train-touristique.com\/\">www.le-petit-train-touristique.com<\/a>.<\/p><p>Espacios interactivos (posibilidad de hacer preguntas en el \u00e1rea de contacto) est\u00e1n disponibles para los usuarios. Alpes Tourismes Loisirs se reserva el derecho de suprimir, sin previo aviso, cualquier contenido publicado en esta \u00e1rea que contravenga la legislaci\u00f3n aplicable en Francia, en particular las disposiciones relativas a la protecci\u00f3n de datos. En caso de necesidad, Alpes Tourismes Loisirs se reserva tambi\u00e9n el derecho de responsabilizar al usuario en materia civil y\/o penal, en particular en caso de mensaje racista, insultante, difamatorio o pornogr\u00e1fico, independientemente del medio utilizado (texto, fotograf\u00eda, etc.).<\/p>\t\t\t\t\t\t\t\t<\/div>\n\t\t\t\t<\/div>\n\t\t\t\t<div class=\"elementor-element elementor-element-6628229 elementor-invisible elementor-widget elementor-widget-heading\" data-id=\"6628229\" data-element_type=\"widget\" data-e-type=\"widget\" data-settings=\"{&quot;_animation&quot;:&quot;fadeInUp&quot;}\" data-widget_type=\"heading.default\">\n\t\t\t\t<div class=\"elementor-widget-container\">\n\t\t\t\t\t<h2 class=\"elementor-heading-title elementor-size-default\">7. Gesti\u00f3n de los datos personales<\/h2>\t\t\t\t<\/div>\n\t\t\t\t<\/div>\n\t\t\t\t<div class=\"elementor-element elementor-element-1140d11 elementor-invisible elementor-widget elementor-widget-text-editor\" data-id=\"1140d11\" data-element_type=\"widget\" data-e-type=\"widget\" data-settings=\"{&quot;_animation&quot;:&quot;fadeInUp&quot;}\" data-widget_type=\"text-editor.default\">\n\t\t\t\t<div class=\"elementor-widget-container\">\n\t\t\t\t\t\t\t\t\t<p>En Francia, los datos personales est\u00e1n protegidos por la Ley n\u00ba 78-87 de 6 de enero de 1978, la Ley n\u00ba 2004-801 de 6 de agosto de 2004, el art\u00edculo L. 226-13 del C\u00f3digo Penal y la Directiva europea de 24 de octubre de 1995.<\/p><p>Al utilizar el sitio <a href=\"https:\/\/www.le-petit-train-touristique.com\/\">www.le-petit-train-touristique.com<\/a>, se pueden recopilar los siguientes datos: la direcci\u00f3n URL de los enlaces a trav\u00e9s de los cuales el usuario ha accedido al sitioe\u00a0<a href=\"https:\/\/www.le-petit-train-touristique.com\/\">www.le-petit-train-touristique.com<\/a>, el proveedor de acceso del usuario y la direcci\u00f3n IP (Protocolo de Internet) del usuario.<\/p><p>En cualquier caso, Alpes Tourismes Loisirs s\u00f3lo recoge datos personales del usuario con la finalidad de prestar determinados servicios ofrecidos por el sitio web <a href=\"https:\/\/www.le-petit-train-touristique.com\/\">www.le-petit-train-touristique.com<\/a>. El usuario proporciona esta informaci\u00f3n con pleno conocimiento de causa, especialmente cuando la introduce \u00e9l mismo. A continuaci\u00f3n, se indica al usuario del sitio web <a href=\"https:\/\/www.le-petit-train-touristique.com\/\">www.le-petit-train-touristique.com<\/a> si est\u00e1 obligado o no a facilitar dicha informaci\u00f3n.<\/p><p>De conformidad con lo dispuesto en los art\u00edculos 38 y siguientes de la ley 78-17 del 6 de enero de 1978 relativa a la inform\u00e1tica, a los ficheros y a las libertades, todo usuario tiene derecho de acceso, rectificaci\u00f3n y oposici\u00f3n a los datos personales que le conciernen, mediante solicitud escrita y firmada, acompa\u00f1ada de una copia del documento de identidad con firma del titular del documento, especificando la direcci\u00f3n a la que debe dirigirse la respuesta.<\/p><p>Ninguna informaci\u00f3n personal del usuario del sitio <a href=\"https:\/\/www.le-petit-train-touristique.com\/\">www.le-petit-train-touristique.com<\/a> es publicada sin el conocimiento del usuario, intercambiada, transferida, cedida o vendida en ning\u00fan medio a terceros. S\u00f3lo la hip\u00f3tesis de adquisici\u00f3n de Alpes Tourismes Loisirs y sus derechos permitir\u00eda la transmisi\u00f3n de esta informaci\u00f3n al comprador potencial, que a su vez estar\u00eda obligado por la misma obligaci\u00f3n de almacenar y modificar los datos relativos al usuario del sitio web <a href=\"https:\/\/www.le-petit-train-touristique.com\/\">www.le-petit-train-touristique.com<\/a>.<\/p><p>El sitio no est\u00e1 registrado en la CNIL porque no recoge datos personales.<\/p><p>Las bases de datos est\u00e1n protegidas por las disposiciones de la ley de 1 de julio de 1998 por la que se transpone la Directiva 96\/9\/CE, de 11 de marzo de 1996, sobre la protecci\u00f3n jur\u00eddica de las bases de datos.<\/p>\t\t\t\t\t\t\t\t<\/div>\n\t\t\t\t<\/div>\n\t\t\t\t<div class=\"elementor-element elementor-element-4526b26 elementor-invisible elementor-widget elementor-widget-heading\" data-id=\"4526b26\" data-element_type=\"widget\" data-e-type=\"widget\" data-settings=\"{&quot;_animation&quot;:&quot;fadeInUp&quot;}\" data-widget_type=\"heading.default\">\n\t\t\t\t<div class=\"elementor-widget-container\">\n\t\t\t\t\t<h2 class=\"elementor-heading-title elementor-size-default\">8. Hiperc\u00ednculos y cookies<\/h2>\t\t\t\t<\/div>\n\t\t\t\t<\/div>\n\t\t\t\t<div class=\"elementor-element elementor-element-10c47c8 elementor-invisible elementor-widget elementor-widget-text-editor\" data-id=\"10c47c8\" data-element_type=\"widget\" data-e-type=\"widget\" data-settings=\"{&quot;_animation&quot;:&quot;fadeInUp&quot;}\" data-widget_type=\"text-editor.default\">\n\t\t\t\t<div class=\"elementor-widget-container\">\n\t\t\t\t\t\t\t\t\t<p>El sitio web <a href=\"https:\/\/www.le-petit-train-touristique.com\/\">www.le-petit-train-touristique.com<\/a> contiene una serie de enlaces hipertexto hacia otros sitios web, creados con la autorizaci\u00f3n de Alpes Tourismes Loisirs. Sin embargo, Alpes Tourismes Loisirs no puede comprobar el contenido de los sitios as\u00ed visitados y, por lo tanto, no asumir\u00e1 ninguna responsabilidad por este hecho.<\/p><p>La navegaci\u00f3n por el sitio web <a href=\"https:\/\/www.le-petit-train-touristique.com\/\">www.le-petit-train-touristique.com<\/a> puede producir la instalaci\u00f3n de cookies en el ordenador del usuario. Una cookie es un peque\u00f1o archivo que no permite la identificaci\u00f3n del usuario, pero que registra informaci\u00f3n relativa a la navegaci\u00f3n de un ordenador en un sitio. Los datos as\u00ed obtenidos tienen por objeto facilitar la posterior navegaci\u00f3n por el sitio, as\u00ed como permitir diversas medidas de asistencia.<\/p><p>La negativa a instalar una cookie puede dar lugar a la imposibilidad de acceder a determinados servicios. No obstante, el usuario puede configurar su ordenador de la siguiente forma para rechazar la instalaci\u00f3n de cookies:<\/p><p><span style=\"text-decoration: underline;\">En Internet Explorer<\/span>: ficha herramienta (pictograma en forma de pi\u00f1\u00f3n en la esquina superior derecha) \/ opciones de Internet. Haga clic en Privacidad y elija Bloquear todas las cookies. Confirme con Ok.<\/p><p><span style=\"text-decoration: underline;\">En Firefox<\/span>: en la parte superior de la ventana del navegador, haga clic en el bot\u00f3n de Firefox, luego vaya a la pesta\u00f1a Opciones. Haga clic en la pesta\u00f1a Privacidad.<br \/>Establecer las reglas de retenci\u00f3n en: Utilice la configuraci\u00f3n personalizada del historial. Por \u00faltimo, desact\u00edvelo para desactivar las cookies.<\/p><p><span style=\"text-decoration: underline;\">En Safari<\/span>: Haz clic en el pictograma del men\u00fa en la parte superior derecha del navegador (simbolizado por un engranaje). Seleccione Opciones. Haga clic en Mostrar configuraci\u00f3n avanzada. En la secci\u00f3n \u00abPrivacidad\u00bb, haga clic en Configuraci\u00f3n del contenido. En la secci\u00f3n \u00abCookies\u00bb puede bloquear las cookies.<\/p><p><span style=\"text-decoration: underline;\">En Chrome<\/span>: Haga clic en el pictograma del men\u00fa en la parte superior derecha del navegador (simbolizado por tres l\u00edneas horizontales). Seleccione Opciones. Haga clic en Mostrar configuraci\u00f3n avanzada. En la secci\u00f3n \u00abPrivacidad\u00bb, haga clic en preferencias. En la pesta\u00f1a \u00abPrivacidad\u00bb puede bloquear las cookies.<\/p>\t\t\t\t\t\t\t\t<\/div>\n\t\t\t\t<\/div>\n\t\t\t\t<div class=\"elementor-element elementor-element-0ef5f4f elementor-invisible elementor-widget elementor-widget-heading\" data-id=\"0ef5f4f\" data-element_type=\"widget\" data-e-type=\"widget\" data-settings=\"{&quot;_animation&quot;:&quot;fadeInUp&quot;}\" data-widget_type=\"heading.default\">\n\t\t\t\t<div class=\"elementor-widget-container\">\n\t\t\t\t\t<h2 class=\"elementor-heading-title elementor-size-default\">9. Ley aplicable y jurisdicci\u00f3n<\/h2>\t\t\t\t<\/div>\n\t\t\t\t<\/div>\n\t\t\t\t<div class=\"elementor-element elementor-element-bfe8bbb elementor-invisible elementor-widget elementor-widget-text-editor\" data-id=\"bfe8bbb\" data-element_type=\"widget\" data-e-type=\"widget\" data-settings=\"{&quot;_animation&quot;:&quot;fadeInUp&quot;}\" data-widget_type=\"text-editor.default\">\n\t\t\t\t<div class=\"elementor-widget-container\">\n\t\t\t\t\t\t\t\t\t<p>Cualquier controversia relacionada con el uso del sitio <a href=\"https:\/\/www.le-petit-train-touristique.com\/\">www.le-petit-train-touristique.com<\/a> est\u00e1 sujeta a la legislaci\u00f3n francesa. Los tribunales competentes de Par\u00eds ser\u00e1n los \u00fanicos competentes.<\/p>\t\t\t\t\t\t\t\t<\/div>\n\t\t\t\t<\/div>\n\t\t\t\t<div class=\"elementor-element elementor-element-eabf95c elementor-invisible elementor-widget elementor-widget-heading\" data-id=\"eabf95c\" data-element_type=\"widget\" data-e-type=\"widget\" data-settings=\"{&quot;_animation&quot;:&quot;fadeInUp&quot;}\" data-widget_type=\"heading.default\">\n\t\t\t\t<div class=\"elementor-widget-container\">\n\t\t\t\t\t<h2 class=\"elementor-heading-title elementor-size-default\">10. Las principales leyes pertinentes<\/h2>\t\t\t\t<\/div>\n\t\t\t\t<\/div>\n\t\t\t\t<div class=\"elementor-element elementor-element-4e7e7b5 elementor-invisible elementor-widget elementor-widget-text-editor\" data-id=\"4e7e7b5\" data-element_type=\"widget\" data-e-type=\"widget\" data-settings=\"{&quot;_animation&quot;:&quot;fadeInUp&quot;}\" data-widget_type=\"text-editor.default\">\n\t\t\t\t<div class=\"elementor-widget-container\">\n\t\t\t\t\t\t\t\t\t<p>Ley n\u00b0 78-17 de 6 de enero de 1978, modificada en particular por la ley n\u00b0 2004-801 de 6 de agosto de 2004 relativa a la inform\u00e1tica, los ficheros y las libertades.<\/p><p>Ley n\u00b0 2004-575 de 21 de junio de 2004 sobre la confianza en la econom\u00eda digital.<\/p>\t\t\t\t\t\t\t\t<\/div>\n\t\t\t\t<\/div>\n\t\t\t\t<div class=\"elementor-element elementor-element-8714ce2 elementor-invisible elementor-widget elementor-widget-heading\" data-id=\"8714ce2\" data-element_type=\"widget\" data-e-type=\"widget\" data-settings=\"{&quot;_animation&quot;:&quot;fadeInUp&quot;}\" data-widget_type=\"heading.default\">\n\t\t\t\t<div class=\"elementor-widget-container\">\n\t\t\t\t\t<h2 class=\"elementor-heading-title elementor-size-default\">11. L\u00e9xico<\/h2>\t\t\t\t<\/div>\n\t\t\t\t<\/div>\n\t\t\t\t<div class=\"elementor-element elementor-element-59c20de elementor-invisible elementor-widget elementor-widget-text-editor\" data-id=\"59c20de\" data-element_type=\"widget\" data-e-type=\"widget\" data-settings=\"{&quot;_animation&quot;:&quot;fadeInUp&quot;}\" data-widget_type=\"text-editor.default\">\n\t\t\t\t<div class=\"elementor-widget-container\">\n\t\t\t\t\t\t\t\t\t<p>Usuario: Usuario de Internet que se conecta a trav\u00e9s de la p\u00e1gina web mencionada anteriormente.<\/p><p>Informaci\u00f3n personal: \u00abinformaci\u00f3n que permita, de cualquier forma, directa o indirectamente, la identificaci\u00f3n de las personas f\u00edsicas a las que se aplica\u00bb (art\u00edculo 4 de la ley n\u00b0 78-17 del 6 de enero de 1978).<\/p>\t\t\t\t\t\t\t\t<\/div>\n\t\t\t\t<\/div>\n\t\t\t\t\t<\/div>\n\t\t<\/div>\n\t\t\t\t\t<\/div>\n\t\t<\/section>\n\t\t\t\t<\/div>\n\t\t","protected":false},"excerpt":{"rendered":"<p>Aviso legal 1. Presentaci\u00f3n del sitio De conformidad con el art\u00edculo 6 de la Ley N\u00ba 2004-575, de 21 de junio de 2004, sobre la confianza en la econom\u00eda digital, se informa a los usuarios del sitio web&nbsp;www.le-petit-train-touristique.com&nbsp;de la identidad de las distintas partes que intervienen en su aplicaci\u00f3n y seguimiento: Propietario: Alpes tourismes loisirs &#8230; <a title=\"Aviso legal\" class=\"read-more\" href=\"https:\/\/www.le-petit-train-touristique.com\/es\/aviso-legal\/\" aria-label=\"Leer m\u00e1s sobre Aviso legal\">Leer m\u00e1s<\/a><\/p>\n","protected":false},"author":1,"featured_media":0,"parent":0,"menu_order":0,"comment_status":"closed","ping_status":"closed","template":"","meta":{"footnotes":""},"class_list":["post-613","page","type-page","status-publish"],"_links":{"self":[{"href":"https:\/\/www.le-petit-train-touristique.com\/es\/wp-json\/wp\/v2\/pages\/613","targetHints":{"allow":["GET"]}}],"collection":[{"href":"https:\/\/www.le-petit-train-touristique.com\/es\/wp-json\/wp\/v2\/pages"}],"about":[{"href":"https:\/\/www.le-petit-train-touristique.com\/es\/wp-json\/wp\/v2\/types\/page"}],"author":[{"embeddable":true,"href":"https:\/\/www.le-petit-train-touristique.com\/es\/wp-json\/wp\/v2\/users\/1"}],"replies":[{"embeddable":true,"href":"https:\/\/www.le-petit-train-touristique.com\/es\/wp-json\/wp\/v2\/comments?post=613"}],"version-history":[{"count":0,"href":"https:\/\/www.le-petit-train-touristique.com\/es\/wp-json\/wp\/v2\/pages\/613\/revisions"}],"wp:attachment":[{"href":"https:\/\/www.le-petit-train-touristique.com\/es\/wp-json\/wp\/v2\/media?parent=613"}],"curies":[{"name":"wp","href":"https:\/\/api.w.org\/{rel}","templated":true}]}}